{"id":5614,"date":"2021-08-25T13:37:28","date_gmt":"2021-08-25T13:37:28","guid":{"rendered":"https:\/\/gynequipe.gr\/?page_id=5614"},"modified":"2024-03-01T19:06:24","modified_gmt":"2024-03-01T19:06:24","slug":"notre-equipe","status":"publish","type":"page","link":"https:\/\/gynequipe.gr\/fr\/notre-equipe\/","title":{"rendered":"Notre \u00e9quipe"},"content":{"rendered":"<section id=\"bt_bb_section69eb4fffbe471\" class=\"bt_bb_section bt_bb_layout_boxed_1200 bt_bb_vertical_align_top bt_bb_background_overlay_accent_solid bt_bb_bottom_section_coverage_image bt_bb_section_with_bottom_coverage_image bt_bb_top_spacing_large bt_bb_section_allow_content_outside\"  data-bt-override-class=\"null\"><div class=\"bt_bb_background_image_holder_wrapper\"><div class=\"bt_bb_background_image_holder btLazyLoadBackground bt_bb_parallax\"  data-background_image_src=\"https:\/\/gynequipe.gr\/wp-content\/uploads\/2021\/09\/H-OMADA-MAS.jpg\" data-parallax=\"0.7\" data-parallax-offset=\"0\" data-parallax-zoom-start=\"1\" data-parallax-zoom-end=\"1\" data-parallax-blur-start=\"0\" data-parallax-blur-end=\"0\" data-parallax-opacity-start=\"1\" data-parallax-opacity-end=\"1\" style=\" background-image: url(&#039;https:\/\/gynequipe.gr\/wp-content\/plugins\/bold-page-builder\/img\/blank.gif&#039;);\"><\/div><\/div><div class=\"bt_bb_port\"><div class=\"bt_bb_cell\"><div class=\"bt_bb_cell_inner\"><div class=\"bt_bb_row \"  data-bt-override-class=\"{}\"><div class=\"bt_bb_row_holder\" ><div  class=\"bt_bb_column col-xxl-12 col-xl-12 bt_bb_vertical_align_top bt_bb_align_left bt_bb_padding_normal\"  data-width=\"12\" data-bt-override-class=\"{}\"><div class=\"bt_bb_column_content\"><div class=\"bt_bb_separator bt_bb_border_style_none bt_bb_top_spacing_normal bt_bb_bottom_spacing_small\" data-bt-override-class=\"null\"><\/div><header class=\"bt_bb_headline bt_bb_color_scheme_1 bt_bb_dash_none bt_bb_size_large bt_bb_align_inherit bt_bb_dash_type_none\" style=\"; --primary-color:#ffffff; --secondary-color:#191919;\" data-bt-override-class=\"{&quot;bt_bb_align_&quot;:{&quot;current_class&quot;:&quot;bt_bb_align_inherit&quot;,&quot;xxl&quot;:&quot;inherit&quot;,&quot;xl&quot;:&quot;inherit&quot;}}\"><h1 class=\"bt_bb_headline_tag\"><span class=\"bt_bb_headline_content\"><span>Notre \u00e9quipe<\/span><\/span><\/h1><\/header><div class=\"bt_bb_separator bt_bb_border_style_none bt_bb_top_spacing_normal bt_bb_bottom_spacing_medium\" data-bt-override-class=\"null\"><\/div><\/div><\/div><\/div><\/div><div class=\"bt_bb_row  bt_bb_column_gap_20\" style=\"margin-bottom: -40px;; --column-gap:20px;\" data-bt-override-class=\"{}\"><div class=\"bt_bb_row_holder\" ><div  class=\"bt_bb_column col-xxl-4 col-xl-4 bt_bb_vertical_align_top bt_bb_align_left bt_bb_highlight bt_bb_padding_text_indent bt_bb_animation_fade_in move_up animate\" style=\"margin-bottom: 20px;\" data-width=\"4\" data-bt-override-class=\"{}\"><div class=\"bt_bb_column_content\" style=\"background-color:rgba(255, 255, 255, 1);\"><div data-bb-version=\"4.7.6\" class=\"bt_bb_image bt_bb_shape_square bt_bb_target_self bt_bb_align_inherit bt_bb_hover_style_zoom-in bt_bb_content_display_show-on-hover bt_bb_content_align_middle bt_bb_content_exists\" data-bt-override-class=\"{&quot;bt_bb_align_&quot;:{&quot;current_class&quot;:&quot;bt_bb_align_inherit&quot;,&quot;xxl&quot;:&quot;inherit&quot;},&quot;bt_bb_content_display_&quot;:{&quot;current_class&quot;:&quot;bt_bb_content_display_show-on-hover&quot;,&quot;xxl&quot;:&quot;show-on-hover&quot;}}\"><a href=\"#\"  target=\"_self\" title=\"DSC_0449_resize\"><img decoding=\"async\" width=\"393\" height=\"393\" src=\"https:\/\/gynequipe.gr\/wp-content\/uploads\/2023\/12\/DSC_0449_resize.jpg\" class=\"attachment-full size-full\" alt=\"\u039a\u03c9\u03bd\u03c3\u03c4\u03b1\u03bd\u03c4\u03af\u03bd\u03bf\u03c2 \u03a3\u03cd\u03c1\u03b9\u03bf\u03c2 \u2013 \u03b3\u03c5\u03bd\u03b1\u03b9\u03ba\u03bf\u03bb\u03cc\u03b3\u03bf\u03c2 \u03bc\u03b1\u03b9\u03b5\u03c5\u03c4\u03ae\u03c1\u03b1\u03c2\" data-full_image_src=\"https:\/\/gynequipe.gr\/wp-content\/uploads\/2023\/12\/DSC_0449_resize.jpg\" title=\"DSC_0449_resize\" srcset=\"https:\/\/gynequipe.gr\/wp-content\/uploads\/2023\/12\/DSC_0449_resize.jpg 393w, https:\/\/gynequipe.gr\/wp-content\/uploads\/2023\/12\/DSC_0449_resize-160x160.jpg 160w, https:\/\/gynequipe.gr\/wp-content\/uploads\/2023\/12\/DSC_0449_resize-320x320.jpg 320w\" sizes=\"(max-width: 393px) 100vw, 393px\" \/><\/a><div class=\"bt_bb_image_content\"  style=\"background-color: rgba(17, 82, 120, 0.6);\"><div class=\"bt_bb_image_content_flex\"><div class=\"bt_bb_image_content_inner\"><div class=\"bt_bb_separator bt_bb_border_style_none\" data-bt-override-class=\"null\"><\/div><\/div><\/div><\/div><\/div><div class=\"bt_bb_separator bt_bb_border_style_none bt_bb_bottom_spacing_normal\" data-bt-override-class=\"null\"><\/div><header data-bb-version=\"4.7.6\" class=\"bt_bb_headline bt_bb_subheadline_text_transform_default bt_bb_dash_bottom bt_bb_superheadline bt_bb_size_normal bt_bb_align_inherit bt_bb_dash_type_none\" data-bt-override-class=\"{&quot;bt_bb_size_&quot;:{&quot;current_class&quot;:&quot;bt_bb_size_normal&quot;,&quot;xxl&quot;:&quot;normal&quot;},&quot;bt_bb_align_&quot;:{&quot;current_class&quot;:&quot;bt_bb_align_inherit&quot;,&quot;xxl&quot;:&quot;inherit&quot;}}\"><h2 class=\"bt_bb_headline_tag\"><span class=\"bt_bb_headline_superheadline\">Obst\u00e9tricien - Chirurgien - Gyn\u00e9cologue<\/span><span class=\"bt_bb_headline_content\"><span><b>Konstantinos Syrios<\/b><\/span><\/span><\/h2><\/header><div class=\"bt_bb_separator bt_bb_border_style_none bt_bb_bottom_spacing_small\" data-bt-override-class=\"null\"><\/div><div class=\"bt_bb_button bt_bb_color_scheme_11 bt_bb_icon_position_left bt_bb_style_filled bt_bb_size_normal bt_bb_width_inline bt_bb_shape_inherit bt_bb_target_self bt_bb_align_inherit\" style=\"; --primary-color:#ffffff; --secondary-color:#0cb89a;\" data-bt-override-class=\"{&quot;bt_bb_size_&quot;:{&quot;current_class&quot;:&quot;bt_bb_size_normal&quot;,&quot;xxl&quot;:&quot;normal&quot;,&quot;xl&quot;:&quot;normal&quot;},&quot;bt_bb_align_&quot;:{&quot;current_class&quot;:&quot;bt_bb_align_inherit&quot;,&quot;xxl&quot;:&quot;inherit&quot;,&quot;xl&quot;:&quot;inherit&quot;}}\"><a href=\"https:\/\/gynequipe.gr\/fr\/notre-equipe\/konstantinos-syrios\/\" target=\"_self\" class=\"bt_bb_link\" title=\"Plus d&#039;informations\"><span class=\"bt_bb_button_text\" >Plus d&#039;informations<\/span><\/a><\/div><div class=\"bt_bb_separator bt_bb_border_style_none bt_bb_bottom_spacing_normal\" data-bt-override-class=\"null\"><\/div><div class=\"bt_bb_column_highlight\"><\/div><\/div><\/div><div  class=\"bt_bb_column col-xxl-4 col-xl-4 bt_bb_vertical_align_top bt_bb_align_left bt_bb_highlight bt_bb_padding_text_indent bt_bb_animation_fade_in move_up animate\" style=\"margin-bottom: 20px;\" data-width=\"4\" data-bt-override-class=\"{}\"><div class=\"bt_bb_column_content\" style=\"background-color:rgba(255, 255, 255, 1);\"><div class=\"bt_bb_image bt_bb_shape_square bt_bb_target_self bt_bb_align_inherit bt_bb_hover_style_zoom-in bt_bb_content_display_show-on-hover bt_bb_content_align_middle bt_bb_content_exists\" data-bt-override-class=\"{&quot;bt_bb_align_&quot;:{&quot;current_class&quot;:&quot;bt_bb_align_inherit&quot;,&quot;xxl&quot;:&quot;inherit&quot;,&quot;xl&quot;:&quot;inherit&quot;}}\"><a href=\"#\"  target=\"_self\" title=\"DSC_0271_resize_393_393\"><img decoding=\"async\" width=\"393\" height=\"393\" src=\"https:\/\/gynequipe.gr\/wp-content\/uploads\/2021\/08\/DSC_0271_resize_393_393.jpg\" class=\"attachment-full size-full\" alt=\"\u03a0\u03ad\u03c4\u03c1\u03bf\u03c2 \u03a3\u03cd\u03c1\u03b9\u03bf\u03c2 \u2013 \u03b3\u03c5\u03bd\u03b1\u03b9\u03ba\u03bf\u03bb\u03cc\u03b3\u03bf\u03c2 \u03bc\u03b1\u03b9\u03b5\u03c5\u03c4\u03ae\u03c1\u03b1\u03c2\" data-full_image_src=\"https:\/\/gynequipe.gr\/wp-content\/uploads\/2021\/08\/DSC_0271_resize_393_393.jpg\" title=\"DSC_0271_resize_393_393\" srcset=\"https:\/\/gynequipe.gr\/wp-content\/uploads\/2021\/08\/DSC_0271_resize_393_393.jpg 393w, https:\/\/gynequipe.gr\/wp-content\/uploads\/2021\/08\/DSC_0271_resize_393_393-160x160.jpg 160w, https:\/\/gynequipe.gr\/wp-content\/uploads\/2021\/08\/DSC_0271_resize_393_393-320x320.jpg 320w\" sizes=\"(max-width: 393px) 100vw, 393px\" \/><\/a><div class=\"bt_bb_image_content\"  style=\"background-color: rgba(17, 82, 120, 0.6);\"><div class=\"bt_bb_image_content_flex\"><div class=\"bt_bb_image_content_inner\"><div class=\"bt_bb_separator bt_bb_border_style_none\" data-bt-override-class=\"null\"><\/div><\/div><\/div><\/div><\/div><div class=\"bt_bb_separator bt_bb_border_style_none bt_bb_bottom_spacing_normal\" data-bt-override-class=\"null\"><\/div><header data-bb-version=\"4.7.6\" class=\"bt_bb_headline bt_bb_subheadline_text_transform_default bt_bb_dash_bottom bt_bb_superheadline bt_bb_size_normal bt_bb_align_inherit bt_bb_dash_type_none\" data-bt-override-class=\"{&quot;bt_bb_size_&quot;:{&quot;current_class&quot;:&quot;bt_bb_size_normal&quot;,&quot;xxl&quot;:&quot;normal&quot;},&quot;bt_bb_align_&quot;:{&quot;current_class&quot;:&quot;bt_bb_align_inherit&quot;,&quot;xxl&quot;:&quot;inherit&quot;}}\"><h2 class=\"bt_bb_headline_tag\"><span class=\"bt_bb_headline_superheadline\">Obst\u00e9tricien - Chirurgien - Gyn\u00e9cologue<\/span><span class=\"bt_bb_headline_content\"><span><b>Petros Syrios<\/b><\/span><\/span><\/h2><\/header><div class=\"bt_bb_separator bt_bb_border_style_none bt_bb_bottom_spacing_small\" data-bt-override-class=\"null\"><\/div><div class=\"bt_bb_button bt_bb_color_scheme_11 bt_bb_icon_position_left bt_bb_style_filled bt_bb_size_normal bt_bb_width_inline bt_bb_shape_inherit bt_bb_target_self bt_bb_align_inherit\" style=\"; --primary-color:#ffffff; --secondary-color:#0cb89a;\" data-bt-override-class=\"{&quot;bt_bb_size_&quot;:{&quot;current_class&quot;:&quot;bt_bb_size_normal&quot;,&quot;xxl&quot;:&quot;normal&quot;,&quot;xl&quot;:&quot;normal&quot;},&quot;bt_bb_align_&quot;:{&quot;current_class&quot;:&quot;bt_bb_align_inherit&quot;,&quot;xxl&quot;:&quot;inherit&quot;,&quot;xl&quot;:&quot;inherit&quot;}}\"><a href=\"https:\/\/gynequipe.gr\/fr\/notre-equipe\/petros-syrios\/\" target=\"_self\" class=\"bt_bb_link\" title=\"Plus d&#039;informations\"><span class=\"bt_bb_button_text\" >Plus d&#039;informations<\/span><\/a><\/div><div class=\"bt_bb_separator bt_bb_border_style_none bt_bb_bottom_spacing_normal\" data-bt-override-class=\"null\"><\/div><div class=\"bt_bb_column_highlight\"><\/div><\/div><\/div><div  class=\"bt_bb_column col-xxl-4 col-xl-4 bt_bb_vertical_align_top bt_bb_align_left bt_bb_highlight bt_bb_padding_text_indent bt_bb_animation_fade_in move_up animate\" style=\"margin-bottom: 20px;\" data-width=\"4\" data-bt-override-class=\"{}\"><div class=\"bt_bb_column_content\" style=\"background-color:rgba(255, 255, 255, 1);\"><div class=\"bt_bb_image bt_bb_shape_square bt_bb_target_self bt_bb_align_inherit bt_bb_hover_style_zoom-in bt_bb_content_display_show-on-hover bt_bb_content_align_middle bt_bb_content_exists\" data-bt-override-class=\"{&quot;bt_bb_align_&quot;:{&quot;current_class&quot;:&quot;bt_bb_align_inherit&quot;,&quot;xxl&quot;:&quot;inherit&quot;,&quot;xl&quot;:&quot;inherit&quot;}}\"><a href=\"#\"  target=\"_self\" title=\"DSC_0198_resize_393_393\"><img decoding=\"async\" width=\"393\" height=\"393\" src=\"https:\/\/gynequipe.gr\/wp-content\/uploads\/2021\/08\/DSC_0198_resize_393_393.jpg\" class=\"attachment-full size-full\" alt=\"\u0394\u03b7\u03bc\u03ae\u03c4\u03c1\u03b9\u03bf\u03c2 \u03a3\u03cd\u03c1\u03b9\u03bf\u03c2 \u2013 \u03b3\u03c5\u03bd\u03b1\u03b9\u03ba\u03bf\u03bb\u03cc\u03b3\u03bf\u03c2 \u03bc\u03b1\u03b9\u03b5\u03c5\u03c4\u03ae\u03c1\u03b1\u03c2\" data-full_image_src=\"https:\/\/gynequipe.gr\/wp-content\/uploads\/2021\/08\/DSC_0198_resize_393_393.jpg\" title=\"DSC_0198_resize_393_393\" srcset=\"https:\/\/gynequipe.gr\/wp-content\/uploads\/2021\/08\/DSC_0198_resize_393_393.jpg 393w, https:\/\/gynequipe.gr\/wp-content\/uploads\/2021\/08\/DSC_0198_resize_393_393-160x160.jpg 160w, https:\/\/gynequipe.gr\/wp-content\/uploads\/2021\/08\/DSC_0198_resize_393_393-320x320.jpg 320w\" sizes=\"(max-width: 393px) 100vw, 393px\" \/><\/a><div class=\"bt_bb_image_content\"  style=\"background-color: rgba(17, 82, 120, 0.6);\"><div class=\"bt_bb_image_content_flex\"><div class=\"bt_bb_image_content_inner\"><div class=\"bt_bb_separator bt_bb_border_style_none\" data-bt-override-class=\"null\"><\/div><\/div><\/div><\/div><\/div><div class=\"bt_bb_separator bt_bb_border_style_none bt_bb_bottom_spacing_normal\" data-bt-override-class=\"null\"><\/div><header data-bb-version=\"4.7.6\" class=\"bt_bb_headline bt_bb_subheadline_text_transform_default bt_bb_dash_bottom bt_bb_superheadline bt_bb_size_normal bt_bb_align_inherit bt_bb_dash_type_none\" data-bt-override-class=\"{&quot;bt_bb_size_&quot;:{&quot;current_class&quot;:&quot;bt_bb_size_normal&quot;,&quot;xxl&quot;:&quot;normal&quot;},&quot;bt_bb_align_&quot;:{&quot;current_class&quot;:&quot;bt_bb_align_inherit&quot;,&quot;xxl&quot;:&quot;inherit&quot;}}\"><h2 class=\"bt_bb_headline_tag\"><span class=\"bt_bb_headline_superheadline\">Obst\u00e9tricien - Chirurgien - Gyn\u00e9cologue<\/span><span class=\"bt_bb_headline_content\"><span><b>Dimitrios Syrios<\/b><\/span><\/span><\/h2><\/header><div class=\"bt_bb_separator bt_bb_border_style_none bt_bb_bottom_spacing_small\" data-bt-override-class=\"null\"><\/div><div class=\"bt_bb_button bt_bb_color_scheme_11 bt_bb_icon_position_left bt_bb_style_filled bt_bb_size_normal bt_bb_width_inline bt_bb_shape_inherit bt_bb_target_self bt_bb_align_inherit\" style=\"; --primary-color:#ffffff; --secondary-color:#0cb89a;\" data-bt-override-class=\"{&quot;bt_bb_size_&quot;:{&quot;current_class&quot;:&quot;bt_bb_size_normal&quot;,&quot;xxl&quot;:&quot;normal&quot;,&quot;xl&quot;:&quot;normal&quot;},&quot;bt_bb_align_&quot;:{&quot;current_class&quot;:&quot;bt_bb_align_inherit&quot;,&quot;xxl&quot;:&quot;inherit&quot;,&quot;xl&quot;:&quot;inherit&quot;}}\"><a href=\"https:\/\/gynequipe.gr\/fr\/notre-equipe\/dimitrios-syrios\/\" target=\"_self\" class=\"bt_bb_link\" title=\"Plus d&#039;informations\"><span class=\"bt_bb_button_text\" >Plus d&#039;informations<\/span><\/a><\/div><div class=\"bt_bb_separator bt_bb_border_style_none bt_bb_bottom_spacing_normal\" data-bt-override-class=\"null\"><\/div><div class=\"bt_bb_column_highlight\"><\/div><\/div><\/div><\/div><\/div><div class=\"bt_bb_row \"  data-bt-override-class=\"{}\"><div class=\"bt_bb_row_holder\" ><div  class=\"bt_bb_column col-xxl-12 col-xl-12 col-xs-12 col-sm-12 col-md-12 col-lg-12 bt_bb_vertical_align_top bt_bb_align_left bt_bb_padding_normal\"  data-width=\"12\" data-bt-override-class=\"{}\"><div class=\"bt_bb_column_content\"><\/div><\/div><\/div><\/div><\/div><!-- cell_inner --><\/div><!-- cell --><\/div><!-- port --><div class=\"bt_bb_section_bottom_section_coverage_image\"><img decoding=\"async\" src=\"https:\/\/gynequipe.gr\/wp-content\/uploads\/2020\/02\/bgn-footer-reverse.png\" alt=\"bt_bb_section_bottom_section_coverage_image\" \/><\/div><\/section>\n","protected":false},"excerpt":{"rendered":"","protected":false},"author":5,"featured_media":0,"parent":0,"menu_order":0,"comment_status":"closed","ping_status":"closed","template":"","meta":{"footnotes":""},"class_list":["post-5614","page","type-page","status-publish","hentry"],"acf":[],"yoast_head":"<!-- This site is optimized with the Yoast SEO plugin v26.1.1 - https:\/\/yoast.com\/wordpress\/plugins\/seo\/ -->\n<title>Gyn\u00e9cologue Ath\u00e8nes - Chirurgien Obst\u00e9tricien | Gynequipe<\/title>\n<meta name=\"description\" content=\"L&#039;\u00e9quipe de Gynequipe est compos\u00e9e de gyn\u00e9cologues-obst\u00e9triciens exp\u00e9riment\u00e9s et sp\u00e9cialis\u00e9s. Clinique gyn\u00e9cologique \u00e0 Ath\u00e8nes. Pour en savoir plus, consultez le site gynequipe.gr.\" \/>\n<meta name=\"robots\" content=\"index, follow, max-snippet:-1, max-image-preview:large, max-video-preview:-1\" \/>\n<link rel=\"canonical\" href=\"https:\/\/gynequipe.gr\/fr\/notre-equipe\/\" \/>\n<meta property=\"og:locale\" content=\"fr_FR\" \/>\n<meta property=\"og:type\" content=\"article\" \/>\n<meta property=\"og:title\" content=\"Gyn\u00e9cologue Ath\u00e8nes - Chirurgien Obst\u00e9tricien | Gynequipe\" \/>\n<meta property=\"og:description\" content=\"L&#039;\u00e9quipe de Gynequipe est compos\u00e9e de gyn\u00e9cologues-obst\u00e9triciens exp\u00e9riment\u00e9s et sp\u00e9cialis\u00e9s. Clinique gyn\u00e9cologique \u00e0 Ath\u00e8nes. Pour en savoir plus, consultez le site gynequipe.gr.\" \/>\n<meta property=\"og:url\" content=\"https:\/\/gynequipe.gr\/fr\/notre-equipe\/\" \/>\n<meta property=\"og:site_name\" content=\"Gynequipe\" \/>\n<meta property=\"article:modified_time\" content=\"2024-03-01T19:06:24+00:00\" \/>\n<meta name=\"twitter:card\" content=\"summary_large_image\" \/>\n<meta name=\"twitter:label1\" content=\"Dur\u00e9e de lecture estim\u00e9e\" \/>\n\t<meta name=\"twitter:data1\" content=\"7 minutes\" \/>\n<script type=\"application\/ld+json\" class=\"yoast-schema-graph\">{\"@context\":\"https:\/\/schema.org\",\"@graph\":[{\"@type\":\"WebPage\",\"@id\":\"https:\/\/gynequipe.gr\/fr\/notre-equipe\/\",\"url\":\"https:\/\/gynequipe.gr\/fr\/notre-equipe\/\",\"name\":\"Gyn\u00e9cologue Ath\u00e8nes - Chirurgien Obst\u00e9tricien | Gynequipe\",\"isPartOf\":{\"@id\":\"https:\/\/gynequipe.gr\/fr\/#website\"},\"datePublished\":\"2021-08-25T13:37:28+00:00\",\"dateModified\":\"2024-03-01T19:06:24+00:00\",\"description\":\"L'\u00e9quipe de Gynequipe est compos\u00e9e de gyn\u00e9cologues-obst\u00e9triciens exp\u00e9riment\u00e9s et sp\u00e9cialis\u00e9s. Clinique gyn\u00e9cologique \u00e0 Ath\u00e8nes. Pour en savoir plus, consultez le site gynequipe.gr.\",\"breadcrumb\":{\"@id\":\"https:\/\/gynequipe.gr\/fr\/notre-equipe\/#breadcrumb\"},\"inLanguage\":\"fr-FR\",\"potentialAction\":[{\"@type\":\"ReadAction\",\"target\":[\"https:\/\/gynequipe.gr\/fr\/notre-equipe\/\"]}]},{\"@type\":\"BreadcrumbList\",\"@id\":\"https:\/\/gynequipe.gr\/fr\/notre-equipe\/#breadcrumb\",\"itemListElement\":[{\"@type\":\"ListItem\",\"position\":1,\"name\":\"Accueil\",\"item\":\"https:\/\/gynequipe.gr\/fr\/accueil\/\"},{\"@type\":\"ListItem\",\"position\":2,\"name\":\"Notre \u00e9quipe\"}]},{\"@type\":\"WebSite\",\"@id\":\"https:\/\/gynequipe.gr\/fr\/#website\",\"url\":\"https:\/\/gynequipe.gr\/fr\/\",\"name\":\"Gynequipe\",\"description\":\"\",\"potentialAction\":[{\"@type\":\"SearchAction\",\"target\":{\"@type\":\"EntryPoint\",\"urlTemplate\":\"https:\/\/gynequipe.gr\/fr\/?s={search_term_string}\"},\"query-input\":{\"@type\":\"PropertyValueSpecification\",\"valueRequired\":true,\"valueName\":\"search_term_string\"}}],\"inLanguage\":\"fr-FR\"}]}<\/script>\n<!-- \/ Yoast SEO plugin. -->","yoast_head_json":{"title":"Gyn\u00e9cologue Ath\u00e8nes - Chirurgien Obst\u00e9tricien | Gynequipe","description":"L'\u00e9quipe de Gynequipe est compos\u00e9e de gyn\u00e9cologues-obst\u00e9triciens exp\u00e9riment\u00e9s et sp\u00e9cialis\u00e9s. Clinique gyn\u00e9cologique \u00e0 Ath\u00e8nes. Pour en savoir plus, consultez le site gynequipe.gr.","robots":{"index":"index","follow":"follow","max-snippet":"max-snippet:-1","max-image-preview":"max-image-preview:large","max-video-preview":"max-video-preview:-1"},"canonical":"https:\/\/gynequipe.gr\/fr\/notre-equipe\/","og_locale":"fr_FR","og_type":"article","og_title":"Gyn\u00e9cologue Ath\u00e8nes - Chirurgien Obst\u00e9tricien | Gynequipe","og_description":"L'\u00e9quipe de Gynequipe est compos\u00e9e de gyn\u00e9cologues-obst\u00e9triciens exp\u00e9riment\u00e9s et sp\u00e9cialis\u00e9s. Clinique gyn\u00e9cologique \u00e0 Ath\u00e8nes. Pour en savoir plus, consultez le site gynequipe.gr.","og_url":"https:\/\/gynequipe.gr\/fr\/notre-equipe\/","og_site_name":"Gynequipe","article_modified_time":"2024-03-01T19:06:24+00:00","twitter_card":"summary_large_image","twitter_misc":{"Dur\u00e9e de lecture estim\u00e9e":"7 minutes"},"schema":{"@context":"https:\/\/schema.org","@graph":[{"@type":"WebPage","@id":"https:\/\/gynequipe.gr\/fr\/notre-equipe\/","url":"https:\/\/gynequipe.gr\/fr\/notre-equipe\/","name":"Gyn\u00e9cologue Ath\u00e8nes - Chirurgien Obst\u00e9tricien | Gynequipe","isPartOf":{"@id":"https:\/\/gynequipe.gr\/fr\/#website"},"datePublished":"2021-08-25T13:37:28+00:00","dateModified":"2024-03-01T19:06:24+00:00","description":"L'\u00e9quipe de Gynequipe est compos\u00e9e de gyn\u00e9cologues-obst\u00e9triciens exp\u00e9riment\u00e9s et sp\u00e9cialis\u00e9s. Clinique gyn\u00e9cologique \u00e0 Ath\u00e8nes. Pour en savoir plus, consultez le site gynequipe.gr.","breadcrumb":{"@id":"https:\/\/gynequipe.gr\/fr\/notre-equipe\/#breadcrumb"},"inLanguage":"fr-FR","potentialAction":[{"@type":"ReadAction","target":["https:\/\/gynequipe.gr\/fr\/notre-equipe\/"]}]},{"@type":"BreadcrumbList","@id":"https:\/\/gynequipe.gr\/fr\/notre-equipe\/#breadcrumb","itemListElement":[{"@type":"ListItem","position":1,"name":"Accueil","item":"https:\/\/gynequipe.gr\/fr\/accueil\/"},{"@type":"ListItem","position":2,"name":"Notre \u00e9quipe"}]},{"@type":"WebSite","@id":"https:\/\/gynequipe.gr\/fr\/#website","url":"https:\/\/gynequipe.gr\/fr\/","name":"Gynequipe","description":"","potentialAction":[{"@type":"SearchAction","target":{"@type":"EntryPoint","urlTemplate":"https:\/\/gynequipe.gr\/fr\/?s={search_term_string}"},"query-input":{"@type":"PropertyValueSpecification","valueRequired":true,"valueName":"search_term_string"}}],"inLanguage":"fr-FR"}]}},"_links":{"self":[{"href":"https:\/\/gynequipe.gr\/fr\/wp-json\/wp\/v2\/pages\/5614","targetHints":{"allow":["GET"]}}],"collection":[{"href":"https:\/\/gynequipe.gr\/fr\/wp-json\/wp\/v2\/pages"}],"about":[{"href":"https:\/\/gynequipe.gr\/fr\/wp-json\/wp\/v2\/types\/page"}],"author":[{"embeddable":true,"href":"https:\/\/gynequipe.gr\/fr\/wp-json\/wp\/v2\/users\/5"}],"replies":[{"embeddable":true,"href":"https:\/\/gynequipe.gr\/fr\/wp-json\/wp\/v2\/comments?post=5614"}],"version-history":[{"count":5,"href":"https:\/\/gynequipe.gr\/fr\/wp-json\/wp\/v2\/pages\/5614\/revisions"}],"predecessor-version":[{"id":6375,"href":"https:\/\/gynequipe.gr\/fr\/wp-json\/wp\/v2\/pages\/5614\/revisions\/6375"}],"wp:attachment":[{"href":"https:\/\/gynequipe.gr\/fr\/wp-json\/wp\/v2\/media?parent=5614"}],"curies":[{"name":"wp","href":"https:\/\/api.w.org\/{rel}","templated":true}]}}