{"id":5905,"date":"2021-07-26T20:22:10","date_gmt":"2021-07-26T20:22:10","guid":{"rendered":"https:\/\/gynequipe.gr\/?page_id=5905"},"modified":"2024-03-01T19:06:18","modified_gmt":"2024-03-01T19:06:18","slug":"politique-de-confidentialite","status":"publish","type":"page","link":"https:\/\/gynequipe.gr\/fr\/politique-de-confidentialite\/","title":{"rendered":"Politique de confidentialit\u00e9"},"content":{"rendered":"<section id=\"bt_bb_section69f2543fdea88\" class=\"bt_bb_section bt_bb_color_scheme_2 bt_bb_layout_boxed_1200 bt_bb_vertical_align_middle bt_bb_top_spacing_large bt_bb_bottom_spacing_large\" style=\"; --section-primary-color:#191919; --section-secondary-color:#ffffff;background-position:center 19%;\" data-bt-override-class=\"null\"><div class=\"bt_bb_port\"><div class=\"bt_bb_cell\"><div class=\"bt_bb_cell_inner\"><div class=\"bt_bb_row \"  data-bt-override-class=\"{}\"><div class=\"bt_bb_row_holder\" ><div  class=\"bt_bb_column col-xxl-12 col-xl-12 col-xs-12 col-sm-12 col-md-12 col-lg-12 bt_bb_vertical_align_top bt_bb_align_left bt_bb_padding_normal\"  data-width=\"12\" data-bt-override-class=\"{}\"><div class=\"bt_bb_column_content\"><div  class=\"bt_bb_text\" ><\/p>\n<h3>Introduction<\/h3>\n<ol>\n<li>La vie priv\u00e9e des visiteurs de notre site Web est tr\u00e8s importante pour nous et nous nous engageons \u00e0 la prot\u00e9ger. Notre politique explique comment nous utiliserons vos informations personnelles.<\/li>\n<li>Votre consentement \u00e0 l&#8217;utilisation de cookies conform\u00e9ment aux termes de notre politique lors de votre premi\u00e8re visite sur le site Web nous permet d&#8217;utiliser des cookies \u00e0 chaque fois que vous visitez notre site Web.<\/li>\n<\/ol>\n<h3>Collecte de renseignements personnels<\/h3>\n<p>Les types d\u2019informations personnelles suivants peuvent \u00eatre collect\u00e9s, stock\u00e9s et utilis\u00e9s :<\/p>\n<ol>\n<li>Informations sur votre ordinateur, y compris votre adresse IP, votre emplacement g\u00e9ographique, le type et la version de votre navigateur et votre syst\u00e8me d&#8217;exploitation.<\/li>\n<li>Informations sur vos visites et votre utilisation du site Web, y compris la source externe, la dur\u00e9e de la visite, les pages vues et le chemin de navigation du site Web.<\/li>\n<li> Informations que vous partagez avec le Site dans le but de les publier en ligne, qui incluent votre nom d&#8217;utilisateur, les informations de votre profil et le contenu de vos publications.<\/li>\n<li>Informations contenues dans toute communication que vous effectuez avec nous par e-mail ou via le site Web, y compris le contenu de la communication et les m\u00e9tadonn\u00e9es.<\/li>\n<li>Toute autre information personnelle que vous nous envoyez.<\/li>\n<\/ol>\n<p>Avant de divulguer des informations personnelles d&#8217;un tiers, vous devez obtenir le consentement de cette personne \u00e0 la divulgation et au traitement de ses informations personnelles conform\u00e9ment \u00e0 cette politique.<\/p>\n<h3>Utilisation de vos informations personnelles<\/h3>\n<p>Les informations personnelles qui nous sont soumises sont utilis\u00e9es aux fins \u00e9nonc\u00e9es dans cette politique sur les pages pertinentes du site Web. Nous pouvons utiliser les informations personnelles aux fins suivantes :<\/p>\n<ol>\n<li>administrer notre site Web et notre entreprise<\/li>\n<li>fournir des donn\u00e9es statistiques de nos utilisateurs \u00e0 des tiers (qui ne pourront identifier aucun utilisateur \u00e0 partir de ces informations)<\/li>\n<li> traiter les demandes et les plaintes soumises par vous ou li\u00e9es \u00e0 votre site Web ;<\/li>\n<li> maintenir la s\u00e9curit\u00e9 du site Web et pr\u00e9venir toute fraude<\/li>\n<li>maintenir la s\u00e9curit\u00e9 du site Web et pr\u00e9venir toute fraude 5. confirmer le respect des conditions g\u00e9n\u00e9rales de service de notre site Web (y compris la surveillance des messages priv\u00e9s transmis via notre service de messagerie priv\u00e9e en ligne) ; et<\/li>\n<li> autres utilisations.<\/li>\n<\/ol>\n<p>6. Vos param\u00e8tres de confidentialit\u00e9 peuvent \u00eatre utilis\u00e9s pour limiter la publication de vos informations sur notre site Web et peuvent \u00eatre configur\u00e9s \u00e0 l&#8217;aide du contr\u00f4le de confidentialit\u00e9 sur le site Web.<\/p>\n<p>Nous ne transmettrons pas vos informations personnelles sans votre consentement \u00e0 un tiers ou \u00e0 une division commerciale tierce.<\/p>\n<h3>Divulgation de renseignements personnels<\/h3>\n<p>Nous pouvons partager vos informations personnelles :<\/p>\n<ol>\n<li>dans la mesure requise par la loi<\/li>\n<li>dans le cadre de toute proc\u00e9dure judiciaire en cours ou future<\/li>\n<li> dans le but d&#8217;\u00e9tablir, d&#8217;exercer ou de d\u00e9fendre nos droits l\u00e9gaux (y compris la fourniture d&#8217;informations \u00e0 des tiers pour la pr\u00e9vention de la fraude et l&#8217;att\u00e9nuation du risque de cr\u00e9dit)<\/li>\n<li>\u00e0 toute personne dont nous pensons raisonnablement qu&#8217;elle pourrait \u00eatre soumise \u00e0 une proc\u00e9dure judiciaire ou \u00e0 toute autre autorit\u00e9 comp\u00e9tente concernant la divulgation d&#8217;informations dans le cas o\u00f9 nous pensons que l&#8217;autorit\u00e9 comp\u00e9tente exigera la divulgation de ces informations personnelles particuli\u00e8res.<\/li>\n<\/ol>\n<h3>Conservation des donn\u00e9es personnelles<\/h3>\n<ol>\n<li>La section F pr\u00e9sente notre processus et notre politique de conservation des donn\u00e9es personnelles, con\u00e7us pour garantir le respect de nos obligations l\u00e9gales concernant la conservation et la suppression des donn\u00e9es personnelles.<\/li>\n<li>Les donn\u00e9es personnelles que nous traitons \u00e0 quelque fin que ce soit ne seront pas conserv\u00e9es plus longtemps que n\u00e9cessaire \u00e0 cette fin.<\/li>\n<li>Nonobstant les autres dispositions de la section F, nous conserverons les documents (y compris les documents \u00e9lectroniques) contenant des donn\u00e9es personnelles.\n<ol>\n<li>dans la mesure requise par la loi.<\/li>\n<li>si nous pensons que les documents peuvent se rapporter \u00e0 toute proc\u00e9dure judiciaire applicable<\/li>\n<\/ol>\n<\/li>\n<\/ol>\n<h3>S\u00e9curit\u00e9 de vos donn\u00e9es personnelles<\/h3>\n<ol>\n<li>Nous prendrons les pr\u00e9cautions techniques et organisationnelles n\u00e9cessaires pour \u00e9viter la perte, l&#8217;utilisation abusive ou l&#8217;alt\u00e9ration de vos donn\u00e9es personnelles.<\/li>\n<li>Nous stockerons toutes les donn\u00e9es personnelles que vous fournissez sur nos serveurs s\u00e9curis\u00e9s (prot\u00e9g\u00e9s par mot de passe et pare-feu).<\/li>\n<li>Vous acceptez que la transmission d&#8217;informations sur Internet est intrins\u00e8quement non s\u00e9curis\u00e9e et nous ne pouvons pas garantir la s\u00e9curit\u00e9 des donn\u00e9es transmises sur Internet.<\/li>\n<\/ol>\n<h3>Amendements<\/h3>\n<p>Nous pouvons mettre \u00e0 jour notre politique de temps \u00e0 autre en publiant une nouvelle version sur notre site Web. Vous devriez consulter la page de temps en temps pour vous assurer que vous comprenez tout changement apport\u00e9 \u00e0 notre politique. Nous pouvons vous informer des modifications apport\u00e9es \u00e0 notre politique par e-mail ou par message priv\u00e9 via la plateforme de messagerie sur notre site Internet.<\/p>\n<h3>Vos droits<\/h3>\n<p>Nous pouvons conserver les informations personnelles que vous demandez pendant la p\u00e9riode autoris\u00e9e par la loi.<\/p>\n<p>Vous pouvez \u00e0 tout moment nous demander de ne pas traiter vos informations personnelles \u00e0 des fins publicitaires.<\/p>\n<p>En pratique, soit vous consentez express\u00e9ment \u00e0 l&#8217;avance \u00e0 l&#8217;utilisation de vos informations personnelles \u00e0 des fins publicitaires, soit nous vous offrons la possibilit\u00e9 de refuser que vos informations soient utilis\u00e9es \u00e0 des fins publicitaires.<\/p>\n<h3>Sites Web tiers<\/h3>\n<p>Notre site Web contient des hyperliens vers des sites Web tiers et des informations provenant de ceux-ci. Nous ne pouvons pas contr\u00f4ler et ne sommes pas responsables des politiques et pratiques de confidentialit\u00e9 des tiers.<\/p>\n<h3>Cookies<\/h3>\n<p>Notre site Web utilise des cookies. Un cookie est un fichier contenant un identifiant (une cha\u00eene de lettres et de chiffres) envoy\u00e9 via un serveur et stock\u00e9 dans le navigateur. L&#8217;identifiant est ensuite renvoy\u00e9 au serveur \u00e0 chaque fois que le navigateur demande une page au serveur. Les cookies peuvent \u00eatre des cookies \u00ab persistants \u00bb ou \u00ab de connexion \u00bb : un cookie persistant est stock\u00e9 dans un navigateur et reste valide jusqu&#8217;\u00e0 sa date d&#8217;expiration, \u00e0 moins qu&#8217;il ne soit supprim\u00e9 plus t\u00f4t par l&#8217;utilisateur, un cookie de connexion, en revanche, expirera avec la fin de la connexion de l&#8217;utilisateur, \u00e0 la fermeture du navigateur. Les cookies ne contiennent g\u00e9n\u00e9ralement pas d&#8217;informations permettant d&#8217;identifier l&#8217;utilisateur, mais vos donn\u00e9es personnelles que nous d\u00e9tenons peuvent \u00eatre li\u00e9es \u00e0 des donn\u00e9es stock\u00e9es ou r\u00e9cup\u00e9r\u00e9es par les cookies. Nous utilisons uniquement des cookies persistants sur notre site Web.<\/p>\n<ol>\n<li>Les noms des cookies que nous utilisons sur notre site Internet et leur finalit\u00e9 d&#8217;utilisation sont d\u00e9finis ci-dessous :\n<ol>\n<li style=\"list-style-type: none;\">\n<ol>\n<li>Nous utilisons Google Analytics sur notre site Web lorsqu&#8217;un utilisateur visite le site Web :\n<ul>\n<li>Pour am\u00e9liorer la fonctionnalit\u00e9 du site Web<\/li>\n<li>Pour analyser l&#8217;utilisation du site Web<\/li>\n<\/ul>\n<\/li>\n<\/ol>\n<\/li>\n<\/ol>\n<\/li>\n<li>La plupart des navigateurs vous permettent de d\u00e9sactiver les cookies, par exemple :\n<ul>\n<li>dans Internet Explorer (version 10), vous pouvez bloquer les cookies en utilisant les param\u00e8tres de cookies trouv\u00e9s en cliquant sur \u00ab Outils \u00bb, \u00ab Options Internet \u00bb, \u00ab Confidentialit\u00e9 \u00bb et \u00ab Avanc\u00e9 \u00bb.<\/li>\n<li>dans Firefox (version 24), vous pouvez bloquer tous les cookies en cliquant sur \u00ab Outils \u00bb, \u00ab Options \u00bb, \u00ab Confidentialit\u00e9 \u00bb, en s\u00e9lectionnant \u00ab Utiliser les param\u00e8tres personnalis\u00e9s pour l&#8217;historique \u00bb dans le menu et en d\u00e9cochant \u00ab Accepter les cookies des sites Web \u00bb et<\/li>\n<li>dans Chrome (version 29), vous pouvez bloquer tous les cookies en allant dans le menu \u00ab Personnaliser et contr\u00f4ler \u00bb et en cliquant sur \u00ab Param\u00e8tres \u00bb, \u00ab Afficher les param\u00e8tres avanc\u00e9s \u00bb et \u00ab Param\u00e8tres de contenu \u00bb et en s\u00e9lectionnant \u00ab Bloquer les sites Web \u00e0 partir des donn\u00e9es \u00bb sous la rubrique \u00ab Cookies&#8221;.<\/li>\n<\/ul>\n<\/li>\n<li>Vous pouvez supprimer les cookies d\u00e9j\u00e0 stock\u00e9s sur votre ordinateur, par exemple :\n<ol>\n<li style=\"list-style-type: none;\">\n<ol>\n<li>dans Internet Explorer (version 10), vous devez supprimer manuellement les fichiers cookies (vous pouvez trouver des instructions sur <a href=\"http:\/\/support.microsoft.com\/kb\/278835\">http:\/\/support.microsoft.com\/kb\/278835<\/a> ) ;<\/li>\n<li>dans Firefox (version 24), vous pouvez supprimer les cookies en cliquant sur \u00ab Outils \u00bb, \u00ab Options \u00bb et \u00ab Confidentialit\u00e9 \u00bb, puis en s\u00e9lectionnant \u00ab Utiliser les param\u00e8tres personnalis\u00e9s pour l&#8217;historique \u00bb, en cliquant sur \u00ab Afficher les cookies \u00bb et \u00ab Supprimer tous les cookies \u00bb et<\/li>\n<li>dans Chrome (version 29), vous pouvez supprimer tous les cookies en allant dans le menu \u00ab Personnaliser et contr\u00f4ler \u00bb, en cliquant sur \u00ab Param\u00e8tres \u00bb, \u00ab Afficher les param\u00e8tres personnalis\u00e9s \u00bb et \u00ab Effacer les donn\u00e9es de navigation \u00bb, puis en s\u00e9lectionnant \u00ab Supprimer les cookies et autres donn\u00e9es de sites Web. &#8221; avant d&#8217;appuyer sur &#8221; Effacer les donn\u00e9es de navigation &#8220;.<\/li>\n<\/ol>\n<\/li>\n<\/ol>\n<\/li>\n<li>La suppression de tous les cookies aura un effet n\u00e9gatif sur la fonctionnalit\u00e9 de nombreux sites Web.<\/li>\n<\/ol>\n<p>\n<\/div><\/div><\/div><\/div><\/div><div class=\"bt_bb_row \"  data-bt-override-class=\"{}\"><div class=\"bt_bb_row_holder\" ><div  class=\"bt_bb_column col-xxl-12 col-xl-12 col-xs-12 col-sm-12 col-md-12 col-lg-12 bt_bb_vertical_align_top bt_bb_align_left bt_bb_padding_normal\"  data-width=\"12\" data-bt-override-class=\"{}\"><div class=\"bt_bb_column_content\"><\/div><\/div><\/div><\/div><\/div><!-- cell_inner --><\/div><!-- cell --><\/div><!-- port --><\/section>\n","protected":false},"excerpt":{"rendered":"","protected":false},"author":5,"featured_media":3335,"parent":0,"menu_order":0,"comment_status":"closed","ping_status":"closed","template":"","meta":{"footnotes":""},"class_list":["post-5905","page","type-page","status-publish","has-post-thumbnail","hentry"],"acf":[],"yoast_head":"<!-- This site is optimized with the Yoast SEO plugin v26.1.1 - https:\/\/yoast.com\/wordpress\/plugins\/seo\/ -->\n<title>Politique de confidentialit\u00e9 - Gynequipe<\/title>\n<meta name=\"robots\" content=\"index, follow, max-snippet:-1, max-image-preview:large, max-video-preview:-1\" \/>\n<link rel=\"canonical\" href=\"https:\/\/gynequipe.gr\/fr\/politique-de-confidentialite\/\" \/>\n<meta property=\"og:locale\" content=\"fr_FR\" \/>\n<meta property=\"og:type\" content=\"article\" \/>\n<meta property=\"og:title\" content=\"Politique de confidentialit\u00e9 - Gynequipe\" \/>\n<meta property=\"og:url\" content=\"https:\/\/gynequipe.gr\/fr\/politique-de-confidentialite\/\" \/>\n<meta property=\"og:site_name\" content=\"Gynequipe\" \/>\n<meta property=\"article:modified_time\" content=\"2024-03-01T19:06:18+00:00\" \/>\n<meta property=\"og:image\" content=\"https:\/\/gynequipe.gr\/wp-content\/uploads\/2021\/09\/H-OMADA-MAS.jpg\" \/>\n\t<meta property=\"og:image:width\" content=\"1920\" \/>\n\t<meta property=\"og:image:height\" content=\"1080\" \/>\n\t<meta property=\"og:image:type\" content=\"image\/jpeg\" \/>\n<meta name=\"twitter:card\" content=\"summary_large_image\" \/>\n<meta name=\"twitter:label1\" content=\"Dur\u00e9e de lecture estim\u00e9e\" \/>\n\t<meta name=\"twitter:data1\" content=\"8 minutes\" \/>\n<script type=\"application\/ld+json\" class=\"yoast-schema-graph\">{\"@context\":\"https:\/\/schema.org\",\"@graph\":[{\"@type\":\"WebPage\",\"@id\":\"https:\/\/gynequipe.gr\/fr\/politique-de-confidentialite\/\",\"url\":\"https:\/\/gynequipe.gr\/fr\/politique-de-confidentialite\/\",\"name\":\"Politique de confidentialit\u00e9 - Gynequipe\",\"isPartOf\":{\"@id\":\"https:\/\/gynequipe.gr\/fr\/#website\"},\"primaryImageOfPage\":{\"@id\":\"https:\/\/gynequipe.gr\/fr\/politique-de-confidentialite\/#primaryimage\"},\"image\":{\"@id\":\"https:\/\/gynequipe.gr\/fr\/politique-de-confidentialite\/#primaryimage\"},\"thumbnailUrl\":\"https:\/\/gynequipe.gr\/wp-content\/uploads\/2021\/09\/H-OMADA-MAS.jpg\",\"datePublished\":\"2021-07-26T20:22:10+00:00\",\"dateModified\":\"2024-03-01T19:06:18+00:00\",\"breadcrumb\":{\"@id\":\"https:\/\/gynequipe.gr\/fr\/politique-de-confidentialite\/#breadcrumb\"},\"inLanguage\":\"fr-FR\",\"potentialAction\":[{\"@type\":\"ReadAction\",\"target\":[\"https:\/\/gynequipe.gr\/fr\/politique-de-confidentialite\/\"]}]},{\"@type\":\"ImageObject\",\"inLanguage\":\"fr-FR\",\"@id\":\"https:\/\/gynequipe.gr\/fr\/politique-de-confidentialite\/#primaryimage\",\"url\":\"https:\/\/gynequipe.gr\/wp-content\/uploads\/2021\/09\/H-OMADA-MAS.jpg\",\"contentUrl\":\"https:\/\/gynequipe.gr\/wp-content\/uploads\/2021\/09\/H-OMADA-MAS.jpg\",\"width\":1920,\"height\":1080},{\"@type\":\"BreadcrumbList\",\"@id\":\"https:\/\/gynequipe.gr\/fr\/politique-de-confidentialite\/#breadcrumb\",\"itemListElement\":[{\"@type\":\"ListItem\",\"position\":1,\"name\":\"Accueil\",\"item\":\"https:\/\/gynequipe.gr\/fr\/accueil\/\"},{\"@type\":\"ListItem\",\"position\":2,\"name\":\"Politique de confidentialit\u00e9\"}]},{\"@type\":\"WebSite\",\"@id\":\"https:\/\/gynequipe.gr\/fr\/#website\",\"url\":\"https:\/\/gynequipe.gr\/fr\/\",\"name\":\"Gynequipe\",\"description\":\"\",\"potentialAction\":[{\"@type\":\"SearchAction\",\"target\":{\"@type\":\"EntryPoint\",\"urlTemplate\":\"https:\/\/gynequipe.gr\/fr\/?s={search_term_string}\"},\"query-input\":{\"@type\":\"PropertyValueSpecification\",\"valueRequired\":true,\"valueName\":\"search_term_string\"}}],\"inLanguage\":\"fr-FR\"}]}<\/script>\n<!-- \/ Yoast SEO plugin. -->","yoast_head_json":{"title":"Politique de confidentialit\u00e9 - Gynequipe","robots":{"index":"index","follow":"follow","max-snippet":"max-snippet:-1","max-image-preview":"max-image-preview:large","max-video-preview":"max-video-preview:-1"},"canonical":"https:\/\/gynequipe.gr\/fr\/politique-de-confidentialite\/","og_locale":"fr_FR","og_type":"article","og_title":"Politique de confidentialit\u00e9 - Gynequipe","og_url":"https:\/\/gynequipe.gr\/fr\/politique-de-confidentialite\/","og_site_name":"Gynequipe","article_modified_time":"2024-03-01T19:06:18+00:00","og_image":[{"width":1920,"height":1080,"url":"https:\/\/gynequipe.gr\/wp-content\/uploads\/2021\/09\/H-OMADA-MAS.jpg","type":"image\/jpeg"}],"twitter_card":"summary_large_image","twitter_misc":{"Dur\u00e9e de lecture estim\u00e9e":"8 minutes"},"schema":{"@context":"https:\/\/schema.org","@graph":[{"@type":"WebPage","@id":"https:\/\/gynequipe.gr\/fr\/politique-de-confidentialite\/","url":"https:\/\/gynequipe.gr\/fr\/politique-de-confidentialite\/","name":"Politique de confidentialit\u00e9 - Gynequipe","isPartOf":{"@id":"https:\/\/gynequipe.gr\/fr\/#website"},"primaryImageOfPage":{"@id":"https:\/\/gynequipe.gr\/fr\/politique-de-confidentialite\/#primaryimage"},"image":{"@id":"https:\/\/gynequipe.gr\/fr\/politique-de-confidentialite\/#primaryimage"},"thumbnailUrl":"https:\/\/gynequipe.gr\/wp-content\/uploads\/2021\/09\/H-OMADA-MAS.jpg","datePublished":"2021-07-26T20:22:10+00:00","dateModified":"2024-03-01T19:06:18+00:00","breadcrumb":{"@id":"https:\/\/gynequipe.gr\/fr\/politique-de-confidentialite\/#breadcrumb"},"inLanguage":"fr-FR","potentialAction":[{"@type":"ReadAction","target":["https:\/\/gynequipe.gr\/fr\/politique-de-confidentialite\/"]}]},{"@type":"ImageObject","inLanguage":"fr-FR","@id":"https:\/\/gynequipe.gr\/fr\/politique-de-confidentialite\/#primaryimage","url":"https:\/\/gynequipe.gr\/wp-content\/uploads\/2021\/09\/H-OMADA-MAS.jpg","contentUrl":"https:\/\/gynequipe.gr\/wp-content\/uploads\/2021\/09\/H-OMADA-MAS.jpg","width":1920,"height":1080},{"@type":"BreadcrumbList","@id":"https:\/\/gynequipe.gr\/fr\/politique-de-confidentialite\/#breadcrumb","itemListElement":[{"@type":"ListItem","position":1,"name":"Accueil","item":"https:\/\/gynequipe.gr\/fr\/accueil\/"},{"@type":"ListItem","position":2,"name":"Politique de confidentialit\u00e9"}]},{"@type":"WebSite","@id":"https:\/\/gynequipe.gr\/fr\/#website","url":"https:\/\/gynequipe.gr\/fr\/","name":"Gynequipe","description":"","potentialAction":[{"@type":"SearchAction","target":{"@type":"EntryPoint","urlTemplate":"https:\/\/gynequipe.gr\/fr\/?s={search_term_string}"},"query-input":{"@type":"PropertyValueSpecification","valueRequired":true,"valueName":"search_term_string"}}],"inLanguage":"fr-FR"}]}},"_links":{"self":[{"href":"https:\/\/gynequipe.gr\/fr\/wp-json\/wp\/v2\/pages\/5905","targetHints":{"allow":["GET"]}}],"collection":[{"href":"https:\/\/gynequipe.gr\/fr\/wp-json\/wp\/v2\/pages"}],"about":[{"href":"https:\/\/gynequipe.gr\/fr\/wp-json\/wp\/v2\/types\/page"}],"author":[{"embeddable":true,"href":"https:\/\/gynequipe.gr\/fr\/wp-json\/wp\/v2\/users\/5"}],"replies":[{"embeddable":true,"href":"https:\/\/gynequipe.gr\/fr\/wp-json\/wp\/v2\/comments?post=5905"}],"version-history":[{"count":2,"href":"https:\/\/gynequipe.gr\/fr\/wp-json\/wp\/v2\/pages\/5905\/revisions"}],"predecessor-version":[{"id":5907,"href":"https:\/\/gynequipe.gr\/fr\/wp-json\/wp\/v2\/pages\/5905\/revisions\/5907"}],"wp:featuredmedia":[{"embeddable":true,"href":"https:\/\/gynequipe.gr\/fr\/wp-json\/wp\/v2\/media\/3335"}],"wp:attachment":[{"href":"https:\/\/gynequipe.gr\/fr\/wp-json\/wp\/v2\/media?parent=5905"}],"curies":[{"name":"wp","href":"https:\/\/api.w.org\/{rel}","templated":true}]}}